{"id":153,"date":"2025-05-19T00:28:49","date_gmt":"2025-05-18T22:28:49","guid":{"rendered":"https:\/\/fayim.de\/fyxtest4\/?page_id=153"},"modified":"2025-05-19T02:33:04","modified_gmt":"2025-05-19T00:33:04","slug":"fokus-2025","status":"publish","type":"page","link":"https:\/\/fayim.de\/fyxtest4\/musik\/eps\/fokus-2025\/","title":{"rendered":"Fokus (2025)"},"content":{"rendered":"\n<figure class=\"wp-block-image size-large wp-duotone-unset-1\"><img loading=\"lazy\" decoding=\"async\" width=\"1024\" height=\"1024\" src=\"https:\/\/fayim.de\/fyxtest4\/wp-content\/uploads\/2025\/05\/EPs-2025-FAYIM-fokus_1x1_klein-1024x1024.jpg\" alt=\"\" class=\"wp-image-148\" srcset=\"https:\/\/fayim.de\/fyxtest4\/wp-content\/uploads\/2025\/05\/EPs-2025-FAYIM-fokus_1x1_klein-1024x1024.jpg 1024w, https:\/\/fayim.de\/fyxtest4\/wp-content\/uploads\/2025\/05\/EPs-2025-FAYIM-fokus_1x1_klein-300x300.jpg 300w, https:\/\/fayim.de\/fyxtest4\/wp-content\/uploads\/2025\/05\/EPs-2025-FAYIM-fokus_1x1_klein-150x150.jpg 150w, https:\/\/fayim.de\/fyxtest4\/wp-content\/uploads\/2025\/05\/EPs-2025-FAYIM-fokus_1x1_klein-768x768.jpg 768w, https:\/\/fayim.de\/fyxtest4\/wp-content\/uploads\/2025\/05\/EPs-2025-FAYIM-fokus_1x1_klein-1536x1536.jpg 1536w, https:\/\/fayim.de\/fyxtest4\/wp-content\/uploads\/2025\/05\/EPs-2025-FAYIM-fokus_1x1_klein-2048x2048.jpg 2048w\" sizes=\"auto, (max-width: 1024px) 100vw, 1024px\" \/><figcaption class=\"wp-element-caption\">V\u00d6: 04.07.2025<\/figcaption><\/figure>\n\n\n\n<pre class=\"wp-block-preformatted\">FAYIMs Deb\u00fct \u201eFokus\u201c ist eine akustische Liebeserkl\u00e4rung und gew\u00e4hrt pers\u00f6nliche Einblicke in die musikalische und lyrische Gedankenwelt des in Berlin lebenden, Schwarzen, queeren K\u00fcnstlers aus Hamburg.<br><br>\u201eFokus\u201c erz\u00e4hlt Geschichten \u00fcber unkonventionelle Liebe und verbindet deutschsprachige Texte mit vielschichtigen Vocalarrangements in einem innovativen Sound aus R&amp;B, Soul, Pop und Jazz \u2013 eine perfekte Balance zwischen Tiefgang und Leichtigkeit.<br><\/pre>\n\n\n\n<hr class=\"wp-block-separator has-alpha-channel-opacity\"\/>\n\n\n\n<h4 class=\"wp-block-heading\">Titelliste<\/h4>\n\n\n\n<ol class=\"wp-block-list\">\n<li><a href=\"https:\/\/fayim.de\/fyxtest4\/musik\/singles\/elia-2025\/\" data-type=\"page\" data-id=\"137\">Elia<\/a> (1:32)<\/li>\n\n\n\n<li>Pixel<\/li>\n\n\n\n<li>N\u00e4her<\/li>\n\n\n\n<li>Fokus<\/li>\n<\/ol>\n\n\n\n<div style=\"height:50px\" aria-hidden=\"true\" class=\"wp-block-spacer\"><\/div>\n\n\n\n<h4 class=\"wp-block-heading\">Credits<\/h4>\n\n\n\n<blockquote class=\"wp-block-quote is-layout-flow wp-block-quote-is-layout-flow\">\n<p><strong>Texte &amp; Lead Vocals:<\/strong> FAYIM<br><strong>Keys: <\/strong>K\u00e4the Johanning (Track 1), Carina Madsius (Track 2-4)<br><strong>Bass:<\/strong> Sofia Eftychidou (Track 2-4)<br><strong>Gitarre:<\/strong> Lucy Liebe (Track 2-4)<br><strong>Produktion:<\/strong> S. Fidelity (Track 2-4)<br><strong>Klarinette: <\/strong>Pachakuti (Track 1-4)<br><strong>Background Vocals:<\/strong> FAYIM, D.$ahin, douniah, HOLAN, Lyriya, mandhla, Noah Slee, Wanja Janeva<\/p>\n\n\n\n<p><strong>Vocalaufnahmen:<\/strong> Camufingo (audioberlin audiotainment GmbH), Dhanya Langer @ villa51<br><strong>Mix &amp; Mastering:<\/strong> Camufingo<br><br><strong>Foto:<\/strong> Meklit Fekadu<br><strong>Artwork:<\/strong> Mawuto Dotou<\/p>\n<\/blockquote>\n\n\n\n<div style=\"height:50px\" aria-hidden=\"true\" class=\"wp-block-spacer\"><\/div>\n\n\n\n<h4 class=\"wp-block-heading\">Fotoshooting<\/h4>\n\n\n\n<figure class=\"wp-block-gallery has-nested-images columns-default is-cropped wp-block-gallery-2 is-layout-flex wp-block-gallery-is-layout-flex\">\n<figure data-wp-context=\"{&quot;imageId&quot;:&quot;69de99436f848&quot;}\" data-wp-interactive=\"core\/image\" data-wp-key=\"69de99436f848\" class=\"wp-block-image size-large wp-lightbox-container\"><img loading=\"lazy\" decoding=\"async\" width=\"683\" height=\"1024\" data-wp-class--hide=\"state.isContentHidden\" data-wp-class--show=\"state.isContentVisible\" data-wp-init=\"callbacks.setButtonStyles\" data-wp-on--click=\"actions.showLightbox\" data-wp-on--load=\"callbacks.setButtonStyles\" data-wp-on-window--resize=\"callbacks.setButtonStyles\" data-id=\"165\" src=\"https:\/\/fayim.de\/fyxtest4\/wp-content\/uploads\/2025\/05\/Rose_1-683x1024.jpg\" alt=\"\" class=\"wp-image-165\" srcset=\"https:\/\/fayim.de\/fyxtest4\/wp-content\/uploads\/2025\/05\/Rose_1-683x1024.jpg 683w, https:\/\/fayim.de\/fyxtest4\/wp-content\/uploads\/2025\/05\/Rose_1-200x300.jpg 200w, https:\/\/fayim.de\/fyxtest4\/wp-content\/uploads\/2025\/05\/Rose_1-768x1152.jpg 768w, https:\/\/fayim.de\/fyxtest4\/wp-content\/uploads\/2025\/05\/Rose_1-1024x1536.jpg 1024w, https:\/\/fayim.de\/fyxtest4\/wp-content\/uploads\/2025\/05\/Rose_1-1365x2048.jpg 1365w, https:\/\/fayim.de\/fyxtest4\/wp-content\/uploads\/2025\/05\/Rose_1.jpg 1500w\" sizes=\"auto, (max-width: 683px) 100vw, 683px\" \/><button\n\t\t\tclass=\"lightbox-trigger\"\n\t\t\ttype=\"button\"\n\t\t\taria-haspopup=\"dialog\"\n\t\t\taria-label=\"Vergr\u00f6\u00dfern\"\n\t\t\tdata-wp-init=\"callbacks.initTriggerButton\"\n\t\t\tdata-wp-on--click=\"actions.showLightbox\"\n\t\t\tdata-wp-style--right=\"state.imageButtonRight\"\n\t\t\tdata-wp-style--top=\"state.imageButtonTop\"\n\t\t>\n\t\t\t<svg xmlns=\"http:\/\/www.w3.org\/2000\/svg\" width=\"12\" height=\"12\" fill=\"none\" viewBox=\"0 0 12 12\">\n\t\t\t\t<path fill=\"#fff\" d=\"M2 0a2 2 0 0 0-2 2v2h1.5V2a.5.5 0 0 1 .5-.5h2V0H2Zm2 10.5H2a.5.5 0 0 1-.5-.5V8H0v2a2 2 0 0 0 2 2h2v-1.5ZM8 12v-1.5h2a.5.5 0 0 0 .5-.5V8H12v2a2 2 0 0 1-2 2H8Zm2-12a2 2 0 0 1 2 2v2h-1.5V2a.5.5 0 0 0-.5-.5H8V0h2Z\" \/>\n\t\t\t<\/svg>\n\t\t<\/button><\/figure>\n\n\n\n<figure data-wp-context=\"{&quot;imageId&quot;:&quot;69de994370388&quot;}\" data-wp-interactive=\"core\/image\" data-wp-key=\"69de994370388\" class=\"wp-block-image size-large wp-lightbox-container\"><img loading=\"lazy\" decoding=\"async\" width=\"683\" height=\"1024\" data-wp-class--hide=\"state.isContentHidden\" data-wp-class--show=\"state.isContentVisible\" data-wp-init=\"callbacks.setButtonStyles\" data-wp-on--click=\"actions.showLightbox\" data-wp-on--load=\"callbacks.setButtonStyles\" data-wp-on-window--resize=\"callbacks.setButtonStyles\" data-id=\"169\" src=\"https:\/\/fayim.de\/fyxtest4\/wp-content\/uploads\/2025\/05\/Rose_2-683x1024.jpg\" alt=\"\" class=\"wp-image-169\" srcset=\"https:\/\/fayim.de\/fyxtest4\/wp-content\/uploads\/2025\/05\/Rose_2-683x1024.jpg 683w, https:\/\/fayim.de\/fyxtest4\/wp-content\/uploads\/2025\/05\/Rose_2-200x300.jpg 200w, https:\/\/fayim.de\/fyxtest4\/wp-content\/uploads\/2025\/05\/Rose_2-768x1152.jpg 768w, https:\/\/fayim.de\/fyxtest4\/wp-content\/uploads\/2025\/05\/Rose_2-1024x1536.jpg 1024w, https:\/\/fayim.de\/fyxtest4\/wp-content\/uploads\/2025\/05\/Rose_2-1365x2048.jpg 1365w, https:\/\/fayim.de\/fyxtest4\/wp-content\/uploads\/2025\/05\/Rose_2.jpg 1500w\" sizes=\"auto, (max-width: 683px) 100vw, 683px\" \/><button\n\t\t\tclass=\"lightbox-trigger\"\n\t\t\ttype=\"button\"\n\t\t\taria-haspopup=\"dialog\"\n\t\t\taria-label=\"Vergr\u00f6\u00dfern\"\n\t\t\tdata-wp-init=\"callbacks.initTriggerButton\"\n\t\t\tdata-wp-on--click=\"actions.showLightbox\"\n\t\t\tdata-wp-style--right=\"state.imageButtonRight\"\n\t\t\tdata-wp-style--top=\"state.imageButtonTop\"\n\t\t>\n\t\t\t<svg xmlns=\"http:\/\/www.w3.org\/2000\/svg\" width=\"12\" height=\"12\" fill=\"none\" viewBox=\"0 0 12 12\">\n\t\t\t\t<path fill=\"#fff\" d=\"M2 0a2 2 0 0 0-2 2v2h1.5V2a.5.5 0 0 1 .5-.5h2V0H2Zm2 10.5H2a.5.5 0 0 1-.5-.5V8H0v2a2 2 0 0 0 2 2h2v-1.5ZM8 12v-1.5h2a.5.5 0 0 0 .5-.5V8H12v2a2 2 0 0 1-2 2H8Zm2-12a2 2 0 0 1 2 2v2h-1.5V2a.5.5 0 0 0-.5-.5H8V0h2Z\" \/>\n\t\t\t<\/svg>\n\t\t<\/button><\/figure>\n\n\n\n<figure data-wp-context=\"{&quot;imageId&quot;:&quot;69de994370d60&quot;}\" data-wp-interactive=\"core\/image\" data-wp-key=\"69de994370d60\" class=\"wp-block-image size-large wp-lightbox-container\"><img loading=\"lazy\" decoding=\"async\" width=\"683\" height=\"1024\" data-wp-class--hide=\"state.isContentHidden\" data-wp-class--show=\"state.isContentVisible\" data-wp-init=\"callbacks.setButtonStyles\" data-wp-on--click=\"actions.showLightbox\" data-wp-on--load=\"callbacks.setButtonStyles\" data-wp-on-window--resize=\"callbacks.setButtonStyles\" data-id=\"166\" src=\"https:\/\/fayim.de\/fyxtest4\/wp-content\/uploads\/2025\/05\/Rose_3-683x1024.jpg\" alt=\"\" class=\"wp-image-166\" srcset=\"https:\/\/fayim.de\/fyxtest4\/wp-content\/uploads\/2025\/05\/Rose_3-683x1024.jpg 683w, https:\/\/fayim.de\/fyxtest4\/wp-content\/uploads\/2025\/05\/Rose_3-200x300.jpg 200w, https:\/\/fayim.de\/fyxtest4\/wp-content\/uploads\/2025\/05\/Rose_3-768x1152.jpg 768w, https:\/\/fayim.de\/fyxtest4\/wp-content\/uploads\/2025\/05\/Rose_3-1024x1536.jpg 1024w, https:\/\/fayim.de\/fyxtest4\/wp-content\/uploads\/2025\/05\/Rose_3-1365x2048.jpg 1365w, https:\/\/fayim.de\/fyxtest4\/wp-content\/uploads\/2025\/05\/Rose_3.jpg 1500w\" sizes=\"auto, (max-width: 683px) 100vw, 683px\" \/><button\n\t\t\tclass=\"lightbox-trigger\"\n\t\t\ttype=\"button\"\n\t\t\taria-haspopup=\"dialog\"\n\t\t\taria-label=\"Vergr\u00f6\u00dfern\"\n\t\t\tdata-wp-init=\"callbacks.initTriggerButton\"\n\t\t\tdata-wp-on--click=\"actions.showLightbox\"\n\t\t\tdata-wp-style--right=\"state.imageButtonRight\"\n\t\t\tdata-wp-style--top=\"state.imageButtonTop\"\n\t\t>\n\t\t\t<svg xmlns=\"http:\/\/www.w3.org\/2000\/svg\" width=\"12\" height=\"12\" fill=\"none\" viewBox=\"0 0 12 12\">\n\t\t\t\t<path fill=\"#fff\" d=\"M2 0a2 2 0 0 0-2 2v2h1.5V2a.5.5 0 0 1 .5-.5h2V0H2Zm2 10.5H2a.5.5 0 0 1-.5-.5V8H0v2a2 2 0 0 0 2 2h2v-1.5ZM8 12v-1.5h2a.5.5 0 0 0 .5-.5V8H12v2a2 2 0 0 1-2 2H8Zm2-12a2 2 0 0 1 2 2v2h-1.5V2a.5.5 0 0 0-.5-.5H8V0h2Z\" \/>\n\t\t\t<\/svg>\n\t\t<\/button><\/figure>\n\n\n\n<figure data-wp-context=\"{&quot;imageId&quot;:&quot;69de9943717ce&quot;}\" data-wp-interactive=\"core\/image\" data-wp-key=\"69de9943717ce\" class=\"wp-block-image size-large wp-lightbox-container\"><img loading=\"lazy\" decoding=\"async\" width=\"683\" height=\"1024\" data-wp-class--hide=\"state.isContentHidden\" data-wp-class--show=\"state.isContentVisible\" data-wp-init=\"callbacks.setButtonStyles\" data-wp-on--click=\"actions.showLightbox\" data-wp-on--load=\"callbacks.setButtonStyles\" data-wp-on-window--resize=\"callbacks.setButtonStyles\" data-id=\"161\" src=\"https:\/\/fayim.de\/fyxtest4\/wp-content\/uploads\/2025\/05\/Rot_1-683x1024.jpg\" alt=\"\" class=\"wp-image-161\" srcset=\"https:\/\/fayim.de\/fyxtest4\/wp-content\/uploads\/2025\/05\/Rot_1-683x1024.jpg 683w, https:\/\/fayim.de\/fyxtest4\/wp-content\/uploads\/2025\/05\/Rot_1-200x300.jpg 200w, https:\/\/fayim.de\/fyxtest4\/wp-content\/uploads\/2025\/05\/Rot_1-768x1152.jpg 768w, https:\/\/fayim.de\/fyxtest4\/wp-content\/uploads\/2025\/05\/Rot_1-1024x1536.jpg 1024w, https:\/\/fayim.de\/fyxtest4\/wp-content\/uploads\/2025\/05\/Rot_1-1365x2048.jpg 1365w, https:\/\/fayim.de\/fyxtest4\/wp-content\/uploads\/2025\/05\/Rot_1.jpg 1500w\" sizes=\"auto, (max-width: 683px) 100vw, 683px\" \/><button\n\t\t\tclass=\"lightbox-trigger\"\n\t\t\ttype=\"button\"\n\t\t\taria-haspopup=\"dialog\"\n\t\t\taria-label=\"Vergr\u00f6\u00dfern\"\n\t\t\tdata-wp-init=\"callbacks.initTriggerButton\"\n\t\t\tdata-wp-on--click=\"actions.showLightbox\"\n\t\t\tdata-wp-style--right=\"state.imageButtonRight\"\n\t\t\tdata-wp-style--top=\"state.imageButtonTop\"\n\t\t>\n\t\t\t<svg xmlns=\"http:\/\/www.w3.org\/2000\/svg\" width=\"12\" height=\"12\" fill=\"none\" viewBox=\"0 0 12 12\">\n\t\t\t\t<path fill=\"#fff\" d=\"M2 0a2 2 0 0 0-2 2v2h1.5V2a.5.5 0 0 1 .5-.5h2V0H2Zm2 10.5H2a.5.5 0 0 1-.5-.5V8H0v2a2 2 0 0 0 2 2h2v-1.5ZM8 12v-1.5h2a.5.5 0 0 0 .5-.5V8H12v2a2 2 0 0 1-2 2H8Zm2-12a2 2 0 0 1 2 2v2h-1.5V2a.5.5 0 0 0-.5-.5H8V0h2Z\" \/>\n\t\t\t<\/svg>\n\t\t<\/button><\/figure>\n\n\n\n<figure data-wp-context=\"{&quot;imageId&quot;:&quot;69de9943721e6&quot;}\" data-wp-interactive=\"core\/image\" data-wp-key=\"69de9943721e6\" class=\"wp-block-image size-large wp-lightbox-container\"><img loading=\"lazy\" decoding=\"async\" width=\"683\" height=\"1024\" data-wp-class--hide=\"state.isContentHidden\" data-wp-class--show=\"state.isContentVisible\" data-wp-init=\"callbacks.setButtonStyles\" data-wp-on--click=\"actions.showLightbox\" data-wp-on--load=\"callbacks.setButtonStyles\" data-wp-on-window--resize=\"callbacks.setButtonStyles\" data-id=\"164\" src=\"https:\/\/fayim.de\/fyxtest4\/wp-content\/uploads\/2025\/05\/Rot_2-683x1024.jpg\" alt=\"\" class=\"wp-image-164\" srcset=\"https:\/\/fayim.de\/fyxtest4\/wp-content\/uploads\/2025\/05\/Rot_2-683x1024.jpg 683w, https:\/\/fayim.de\/fyxtest4\/wp-content\/uploads\/2025\/05\/Rot_2-200x300.jpg 200w, https:\/\/fayim.de\/fyxtest4\/wp-content\/uploads\/2025\/05\/Rot_2-768x1152.jpg 768w, https:\/\/fayim.de\/fyxtest4\/wp-content\/uploads\/2025\/05\/Rot_2-1024x1536.jpg 1024w, https:\/\/fayim.de\/fyxtest4\/wp-content\/uploads\/2025\/05\/Rot_2-1365x2048.jpg 1365w, https:\/\/fayim.de\/fyxtest4\/wp-content\/uploads\/2025\/05\/Rot_2.jpg 1500w\" sizes=\"auto, (max-width: 683px) 100vw, 683px\" \/><button\n\t\t\tclass=\"lightbox-trigger\"\n\t\t\ttype=\"button\"\n\t\t\taria-haspopup=\"dialog\"\n\t\t\taria-label=\"Vergr\u00f6\u00dfern\"\n\t\t\tdata-wp-init=\"callbacks.initTriggerButton\"\n\t\t\tdata-wp-on--click=\"actions.showLightbox\"\n\t\t\tdata-wp-style--right=\"state.imageButtonRight\"\n\t\t\tdata-wp-style--top=\"state.imageButtonTop\"\n\t\t>\n\t\t\t<svg xmlns=\"http:\/\/www.w3.org\/2000\/svg\" width=\"12\" height=\"12\" fill=\"none\" viewBox=\"0 0 12 12\">\n\t\t\t\t<path fill=\"#fff\" d=\"M2 0a2 2 0 0 0-2 2v2h1.5V2a.5.5 0 0 1 .5-.5h2V0H2Zm2 10.5H2a.5.5 0 0 1-.5-.5V8H0v2a2 2 0 0 0 2 2h2v-1.5ZM8 12v-1.5h2a.5.5 0 0 0 .5-.5V8H12v2a2 2 0 0 1-2 2H8Zm2-12a2 2 0 0 1 2 2v2h-1.5V2a.5.5 0 0 0-.5-.5H8V0h2Z\" \/>\n\t\t\t<\/svg>\n\t\t<\/button><\/figure>\n\n\n\n<figure data-wp-context=\"{&quot;imageId&quot;:&quot;69de994372c23&quot;}\" data-wp-interactive=\"core\/image\" data-wp-key=\"69de994372c23\" class=\"wp-block-image size-large wp-lightbox-container\"><img loading=\"lazy\" decoding=\"async\" width=\"683\" height=\"1024\" data-wp-class--hide=\"state.isContentHidden\" data-wp-class--show=\"state.isContentVisible\" data-wp-init=\"callbacks.setButtonStyles\" data-wp-on--click=\"actions.showLightbox\" data-wp-on--load=\"callbacks.setButtonStyles\" data-wp-on-window--resize=\"callbacks.setButtonStyles\" data-id=\"167\" src=\"https:\/\/fayim.de\/fyxtest4\/wp-content\/uploads\/2025\/05\/Rot_3-683x1024.jpg\" alt=\"\" class=\"wp-image-167\" srcset=\"https:\/\/fayim.de\/fyxtest4\/wp-content\/uploads\/2025\/05\/Rot_3-683x1024.jpg 683w, https:\/\/fayim.de\/fyxtest4\/wp-content\/uploads\/2025\/05\/Rot_3-200x300.jpg 200w, https:\/\/fayim.de\/fyxtest4\/wp-content\/uploads\/2025\/05\/Rot_3-768x1152.jpg 768w, https:\/\/fayim.de\/fyxtest4\/wp-content\/uploads\/2025\/05\/Rot_3-1024x1536.jpg 1024w, https:\/\/fayim.de\/fyxtest4\/wp-content\/uploads\/2025\/05\/Rot_3-1365x2048.jpg 1365w, https:\/\/fayim.de\/fyxtest4\/wp-content\/uploads\/2025\/05\/Rot_3.jpg 1500w\" sizes=\"auto, (max-width: 683px) 100vw, 683px\" \/><button\n\t\t\tclass=\"lightbox-trigger\"\n\t\t\ttype=\"button\"\n\t\t\taria-haspopup=\"dialog\"\n\t\t\taria-label=\"Vergr\u00f6\u00dfern\"\n\t\t\tdata-wp-init=\"callbacks.initTriggerButton\"\n\t\t\tdata-wp-on--click=\"actions.showLightbox\"\n\t\t\tdata-wp-style--right=\"state.imageButtonRight\"\n\t\t\tdata-wp-style--top=\"state.imageButtonTop\"\n\t\t>\n\t\t\t<svg xmlns=\"http:\/\/www.w3.org\/2000\/svg\" width=\"12\" height=\"12\" fill=\"none\" viewBox=\"0 0 12 12\">\n\t\t\t\t<path fill=\"#fff\" d=\"M2 0a2 2 0 0 0-2 2v2h1.5V2a.5.5 0 0 1 .5-.5h2V0H2Zm2 10.5H2a.5.5 0 0 1-.5-.5V8H0v2a2 2 0 0 0 2 2h2v-1.5ZM8 12v-1.5h2a.5.5 0 0 0 .5-.5V8H12v2a2 2 0 0 1-2 2H8Zm2-12a2 2 0 0 1 2 2v2h-1.5V2a.5.5 0 0 0-.5-.5H8V0h2Z\" \/>\n\t\t\t<\/svg>\n\t\t<\/button><\/figure>\n\n\n\n<figure data-wp-context=\"{&quot;imageId&quot;:&quot;69de9943736a6&quot;}\" data-wp-interactive=\"core\/image\" data-wp-key=\"69de9943736a6\" class=\"wp-block-image size-large wp-lightbox-container\"><img loading=\"lazy\" decoding=\"async\" width=\"683\" height=\"1024\" data-wp-class--hide=\"state.isContentHidden\" data-wp-class--show=\"state.isContentVisible\" data-wp-init=\"callbacks.setButtonStyles\" data-wp-on--click=\"actions.showLightbox\" data-wp-on--load=\"callbacks.setButtonStyles\" data-wp-on-window--resize=\"callbacks.setButtonStyles\" data-id=\"168\" src=\"https:\/\/fayim.de\/fyxtest4\/wp-content\/uploads\/2025\/05\/Silber_1-683x1024.jpg\" alt=\"\" class=\"wp-image-168\" srcset=\"https:\/\/fayim.de\/fyxtest4\/wp-content\/uploads\/2025\/05\/Silber_1-683x1024.jpg 683w, https:\/\/fayim.de\/fyxtest4\/wp-content\/uploads\/2025\/05\/Silber_1-200x300.jpg 200w, https:\/\/fayim.de\/fyxtest4\/wp-content\/uploads\/2025\/05\/Silber_1-768x1152.jpg 768w, https:\/\/fayim.de\/fyxtest4\/wp-content\/uploads\/2025\/05\/Silber_1-1024x1536.jpg 1024w, https:\/\/fayim.de\/fyxtest4\/wp-content\/uploads\/2025\/05\/Silber_1-1365x2048.jpg 1365w, https:\/\/fayim.de\/fyxtest4\/wp-content\/uploads\/2025\/05\/Silber_1.jpg 1500w\" sizes=\"auto, (max-width: 683px) 100vw, 683px\" \/><button\n\t\t\tclass=\"lightbox-trigger\"\n\t\t\ttype=\"button\"\n\t\t\taria-haspopup=\"dialog\"\n\t\t\taria-label=\"Vergr\u00f6\u00dfern\"\n\t\t\tdata-wp-init=\"callbacks.initTriggerButton\"\n\t\t\tdata-wp-on--click=\"actions.showLightbox\"\n\t\t\tdata-wp-style--right=\"state.imageButtonRight\"\n\t\t\tdata-wp-style--top=\"state.imageButtonTop\"\n\t\t>\n\t\t\t<svg xmlns=\"http:\/\/www.w3.org\/2000\/svg\" width=\"12\" height=\"12\" fill=\"none\" viewBox=\"0 0 12 12\">\n\t\t\t\t<path fill=\"#fff\" d=\"M2 0a2 2 0 0 0-2 2v2h1.5V2a.5.5 0 0 1 .5-.5h2V0H2Zm2 10.5H2a.5.5 0 0 1-.5-.5V8H0v2a2 2 0 0 0 2 2h2v-1.5ZM8 12v-1.5h2a.5.5 0 0 0 .5-.5V8H12v2a2 2 0 0 1-2 2H8Zm2-12a2 2 0 0 1 2 2v2h-1.5V2a.5.5 0 0 0-.5-.5H8V0h2Z\" \/>\n\t\t\t<\/svg>\n\t\t<\/button><\/figure>\n\n\n\n<figure data-wp-context=\"{&quot;imageId&quot;:&quot;69de9943741cc&quot;}\" data-wp-interactive=\"core\/image\" data-wp-key=\"69de9943741cc\" class=\"wp-block-image size-large wp-lightbox-container\"><img loading=\"lazy\" decoding=\"async\" width=\"683\" height=\"1024\" data-wp-class--hide=\"state.isContentHidden\" data-wp-class--show=\"state.isContentVisible\" data-wp-init=\"callbacks.setButtonStyles\" data-wp-on--click=\"actions.showLightbox\" data-wp-on--load=\"callbacks.setButtonStyles\" data-wp-on-window--resize=\"callbacks.setButtonStyles\" data-id=\"162\" src=\"https:\/\/fayim.de\/fyxtest4\/wp-content\/uploads\/2025\/05\/Silber_2-683x1024.jpg\" alt=\"\" class=\"wp-image-162\" srcset=\"https:\/\/fayim.de\/fyxtest4\/wp-content\/uploads\/2025\/05\/Silber_2-683x1024.jpg 683w, https:\/\/fayim.de\/fyxtest4\/wp-content\/uploads\/2025\/05\/Silber_2-200x300.jpg 200w, https:\/\/fayim.de\/fyxtest4\/wp-content\/uploads\/2025\/05\/Silber_2-768x1152.jpg 768w, https:\/\/fayim.de\/fyxtest4\/wp-content\/uploads\/2025\/05\/Silber_2-1024x1536.jpg 1024w, https:\/\/fayim.de\/fyxtest4\/wp-content\/uploads\/2025\/05\/Silber_2-1365x2048.jpg 1365w, https:\/\/fayim.de\/fyxtest4\/wp-content\/uploads\/2025\/05\/Silber_2.jpg 1500w\" sizes=\"auto, (max-width: 683px) 100vw, 683px\" \/><button\n\t\t\tclass=\"lightbox-trigger\"\n\t\t\ttype=\"button\"\n\t\t\taria-haspopup=\"dialog\"\n\t\t\taria-label=\"Vergr\u00f6\u00dfern\"\n\t\t\tdata-wp-init=\"callbacks.initTriggerButton\"\n\t\t\tdata-wp-on--click=\"actions.showLightbox\"\n\t\t\tdata-wp-style--right=\"state.imageButtonRight\"\n\t\t\tdata-wp-style--top=\"state.imageButtonTop\"\n\t\t>\n\t\t\t<svg xmlns=\"http:\/\/www.w3.org\/2000\/svg\" width=\"12\" height=\"12\" fill=\"none\" viewBox=\"0 0 12 12\">\n\t\t\t\t<path fill=\"#fff\" d=\"M2 0a2 2 0 0 0-2 2v2h1.5V2a.5.5 0 0 1 .5-.5h2V0H2Zm2 10.5H2a.5.5 0 0 1-.5-.5V8H0v2a2 2 0 0 0 2 2h2v-1.5ZM8 12v-1.5h2a.5.5 0 0 0 .5-.5V8H12v2a2 2 0 0 1-2 2H8Zm2-12a2 2 0 0 1 2 2v2h-1.5V2a.5.5 0 0 0-.5-.5H8V0h2Z\" \/>\n\t\t\t<\/svg>\n\t\t<\/button><\/figure>\n\n\n\n<figure data-wp-context=\"{&quot;imageId&quot;:&quot;69de994374ecf&quot;}\" data-wp-interactive=\"core\/image\" data-wp-key=\"69de994374ecf\" class=\"wp-block-image size-large wp-lightbox-container\"><img loading=\"lazy\" decoding=\"async\" width=\"683\" height=\"1024\" data-wp-class--hide=\"state.isContentHidden\" data-wp-class--show=\"state.isContentVisible\" data-wp-init=\"callbacks.setButtonStyles\" data-wp-on--click=\"actions.showLightbox\" data-wp-on--load=\"callbacks.setButtonStyles\" data-wp-on-window--resize=\"callbacks.setButtonStyles\" data-id=\"163\" src=\"https:\/\/fayim.de\/fyxtest4\/wp-content\/uploads\/2025\/05\/Silber_3-683x1024.jpg\" alt=\"\" class=\"wp-image-163\" srcset=\"https:\/\/fayim.de\/fyxtest4\/wp-content\/uploads\/2025\/05\/Silber_3-683x1024.jpg 683w, https:\/\/fayim.de\/fyxtest4\/wp-content\/uploads\/2025\/05\/Silber_3-200x300.jpg 200w, https:\/\/fayim.de\/fyxtest4\/wp-content\/uploads\/2025\/05\/Silber_3-768x1152.jpg 768w, https:\/\/fayim.de\/fyxtest4\/wp-content\/uploads\/2025\/05\/Silber_3-1024x1536.jpg 1024w, https:\/\/fayim.de\/fyxtest4\/wp-content\/uploads\/2025\/05\/Silber_3-1365x2048.jpg 1365w, https:\/\/fayim.de\/fyxtest4\/wp-content\/uploads\/2025\/05\/Silber_3.jpg 1500w\" sizes=\"auto, (max-width: 683px) 100vw, 683px\" \/><button\n\t\t\tclass=\"lightbox-trigger\"\n\t\t\ttype=\"button\"\n\t\t\taria-haspopup=\"dialog\"\n\t\t\taria-label=\"Vergr\u00f6\u00dfern\"\n\t\t\tdata-wp-init=\"callbacks.initTriggerButton\"\n\t\t\tdata-wp-on--click=\"actions.showLightbox\"\n\t\t\tdata-wp-style--right=\"state.imageButtonRight\"\n\t\t\tdata-wp-style--top=\"state.imageButtonTop\"\n\t\t>\n\t\t\t<svg xmlns=\"http:\/\/www.w3.org\/2000\/svg\" width=\"12\" height=\"12\" fill=\"none\" viewBox=\"0 0 12 12\">\n\t\t\t\t<path fill=\"#fff\" d=\"M2 0a2 2 0 0 0-2 2v2h1.5V2a.5.5 0 0 1 .5-.5h2V0H2Zm2 10.5H2a.5.5 0 0 1-.5-.5V8H0v2a2 2 0 0 0 2 2h2v-1.5ZM8 12v-1.5h2a.5.5 0 0 0 .5-.5V8H12v2a2 2 0 0 1-2 2H8Zm2-12a2 2 0 0 1 2 2v2h-1.5V2a.5.5 0 0 0-.5-.5H8V0h2Z\" \/>\n\t\t\t<\/svg>\n\t\t<\/button><\/figure>\n<\/figure>\n\n\n\n<p><strong><span style=\"text-decoration: underline;\">Fotos:<\/span><\/strong><br><strong>Fotografin:<\/strong> Meklit Fekadu<br><strong>Fotoassistenz:<\/strong> Amany Hassan<br><strong>Hair &amp; Make-Up:<\/strong> Titi Amoako<br><strong>Styling:<\/strong> Mathieu Amadou Hilbig &amp; Mario Luki\u0107<br><strong>Sets:<\/strong> Mathieu Amadou Hilbig, Mario Luki\u0107 und MAJ\u00c8RE<br><strong>Schmuck:<\/strong> Sahar Ismail<br><strong>Artwork:<\/strong> Mawuto Dotou<\/p>\n\n\n\n<div style=\"height:50px\" aria-hidden=\"true\" class=\"wp-block-spacer\"><\/div>\n\n\n\n<h4 class=\"wp-block-heading\">Weitere Videos<\/h4>\n\n\n\n<figure class=\"wp-block-embed is-type-video is-provider-youtube wp-block-embed-youtube wp-embed-aspect-16-9 wp-has-aspect-ratio\"><div class=\"wp-block-embed__wrapper\">\n<iframe loading=\"lazy\" title=\"FOKUS - EP (2025)\" width=\"500\" height=\"281\" src=\"https:\/\/www.youtube.com\/embed\/videoseries?list=PLzJuXr9CPwrlye635SQb28yGa2lPDAI8e\" frameborder=\"0\" allow=\"accelerometer; autoplay; clipboard-write; encrypted-media; gyroscope; picture-in-picture; web-share\" referrerpolicy=\"strict-origin-when-cross-origin\" allowfullscreen><\/iframe>\n<\/div><\/figure>\n","protected":false},"excerpt":{"rendered":"<p>FAYIMs Deb\u00fct \u201eFokus\u201c ist eine akustische Liebeserkl\u00e4rung und gew\u00e4hrt pers\u00f6nliche Einblicke in die musikalische und lyrische Gedankenwelt des in Berlin lebenden, Schwarzen, queeren K\u00fcnstlers aus Hamburg.\u201eFokus\u201c erz\u00e4hlt Geschichten \u00fcber unkonventionelle Liebe und verbindet deutschsprachige Texte mit vielschichtigen Vocalarrangements in einem innovativen Sound aus R&amp;B, Soul, Pop und Jazz \u2013 eine perfekte Balance zwischen Tiefgang und [&hellip;]<\/p>\n","protected":false},"author":1,"featured_media":0,"parent":150,"menu_order":0,"comment_status":"closed","ping_status":"closed","template":"","meta":{"footnotes":""},"class_list":["post-153","page","type-page","status-publish","hentry"],"_links":{"self":[{"href":"https:\/\/fayim.de\/fyxtest4\/wp-json\/wp\/v2\/pages\/153","targetHints":{"allow":["GET"]}}],"collection":[{"href":"https:\/\/fayim.de\/fyxtest4\/wp-json\/wp\/v2\/pages"}],"about":[{"href":"https:\/\/fayim.de\/fyxtest4\/wp-json\/wp\/v2\/types\/page"}],"author":[{"embeddable":true,"href":"https:\/\/fayim.de\/fyxtest4\/wp-json\/wp\/v2\/users\/1"}],"replies":[{"embeddable":true,"href":"https:\/\/fayim.de\/fyxtest4\/wp-json\/wp\/v2\/comments?post=153"}],"version-history":[{"count":12,"href":"https:\/\/fayim.de\/fyxtest4\/wp-json\/wp\/v2\/pages\/153\/revisions"}],"predecessor-version":[{"id":204,"href":"https:\/\/fayim.de\/fyxtest4\/wp-json\/wp\/v2\/pages\/153\/revisions\/204"}],"up":[{"embeddable":true,"href":"https:\/\/fayim.de\/fyxtest4\/wp-json\/wp\/v2\/pages\/150"}],"wp:attachment":[{"href":"https:\/\/fayim.de\/fyxtest4\/wp-json\/wp\/v2\/media?parent=153"}],"curies":[{"name":"wp","href":"https:\/\/api.w.org\/{rel}","templated":true}]}}