{"id":181,"date":"2025-05-19T01:14:56","date_gmt":"2025-05-18T23:14:56","guid":{"rendered":"https:\/\/fayim.de\/fyxtest4\/?page_id=181"},"modified":"2025-05-19T01:15:52","modified_gmt":"2025-05-18T23:15:52","slug":"du-fehlst-2022","status":"publish","type":"page","link":"https:\/\/fayim.de\/fyxtest4\/musik\/singles\/du-fehlst-2022\/","title":{"rendered":"Du fehlst (2022)"},"content":{"rendered":"\n<figure data-wp-context=\"{&quot;imageId&quot;:&quot;69de9ad873e38&quot;}\" data-wp-interactive=\"core\/image\" data-wp-key=\"69de9ad873e38\" class=\"wp-block-image size-large wp-lightbox-container\"><img loading=\"lazy\" decoding=\"async\" width=\"1024\" height=\"1024\" data-wp-class--hide=\"state.isContentHidden\" data-wp-class--show=\"state.isContentVisible\" data-wp-init=\"callbacks.setButtonStyles\" data-wp-on--click=\"actions.showLightbox\" data-wp-on--load=\"callbacks.setButtonStyles\" data-wp-on-window--resize=\"callbacks.setButtonStyles\" src=\"https:\/\/fayim.de\/fyxtest4\/wp-content\/uploads\/2025\/05\/Singles-2022-Du-fehlst_FAYIM_Artwork-1024x1024.jpg\" alt=\"\" class=\"wp-image-134\" srcset=\"https:\/\/fayim.de\/fyxtest4\/wp-content\/uploads\/2025\/05\/Singles-2022-Du-fehlst_FAYIM_Artwork-1024x1024.jpg 1024w, https:\/\/fayim.de\/fyxtest4\/wp-content\/uploads\/2025\/05\/Singles-2022-Du-fehlst_FAYIM_Artwork-300x300.jpg 300w, https:\/\/fayim.de\/fyxtest4\/wp-content\/uploads\/2025\/05\/Singles-2022-Du-fehlst_FAYIM_Artwork-150x150.jpg 150w, https:\/\/fayim.de\/fyxtest4\/wp-content\/uploads\/2025\/05\/Singles-2022-Du-fehlst_FAYIM_Artwork-768x768.jpg 768w, https:\/\/fayim.de\/fyxtest4\/wp-content\/uploads\/2025\/05\/Singles-2022-Du-fehlst_FAYIM_Artwork-1536x1536.jpg 1536w, https:\/\/fayim.de\/fyxtest4\/wp-content\/uploads\/2025\/05\/Singles-2022-Du-fehlst_FAYIM_Artwork-2048x2048.jpg 2048w\" sizes=\"auto, (max-width: 1024px) 100vw, 1024px\" \/><button\n\t\t\tclass=\"lightbox-trigger\"\n\t\t\ttype=\"button\"\n\t\t\taria-haspopup=\"dialog\"\n\t\t\taria-label=\"Vergr\u00f6\u00dfern\"\n\t\t\tdata-wp-init=\"callbacks.initTriggerButton\"\n\t\t\tdata-wp-on--click=\"actions.showLightbox\"\n\t\t\tdata-wp-style--right=\"state.imageButtonRight\"\n\t\t\tdata-wp-style--top=\"state.imageButtonTop\"\n\t\t>\n\t\t\t<svg xmlns=\"http:\/\/www.w3.org\/2000\/svg\" width=\"12\" height=\"12\" fill=\"none\" viewBox=\"0 0 12 12\">\n\t\t\t\t<path fill=\"#fff\" d=\"M2 0a2 2 0 0 0-2 2v2h1.5V2a.5.5 0 0 1 .5-.5h2V0H2Zm2 10.5H2a.5.5 0 0 1-.5-.5V8H0v2a2 2 0 0 0 2 2h2v-1.5ZM8 12v-1.5h2a.5.5 0 0 0 .5-.5V8H12v2a2 2 0 0 1-2 2H8Zm2-12a2 2 0 0 1 2 2v2h-1.5V2a.5.5 0 0 0-.5-.5H8V0h2Z\" \/>\n\t\t\t<\/svg>\n\t\t<\/button><figcaption class=\"wp-element-caption\">V\u00d6: 11.01.2022<\/figcaption><\/figure>\n\n\n\n<h4 class=\"wp-block-heading\">Credits<\/h4>\n\n\n\n<blockquote class=\"wp-block-quote is-layout-flow wp-block-quote-is-layout-flow\">\n<p><strong>Text &amp; Vocals:<\/strong> FAYIM<br><strong>Keys<\/strong>: Niklas Nadidai<br><strong>Mix &amp; Mastering:<\/strong> Camufingo<br><strong>Artwork:<\/strong> Ellen Gabriel<\/p>\n<\/blockquote>\n\n\n\n<div style=\"height:50px\" aria-hidden=\"true\" class=\"wp-block-spacer\"><\/div>\n\n\n\n<h4 class=\"wp-block-heading\">Musikvideo<\/h4>\n\n\n\n<figure class=\"wp-block-embed is-type-video is-provider-youtube wp-block-embed-youtube wp-embed-aspect-16-9 wp-has-aspect-ratio\"><div class=\"wp-block-embed__wrapper\">\n<iframe loading=\"lazy\" title=\"FAYIM - Du fehlst\" width=\"500\" height=\"281\" src=\"https:\/\/www.youtube.com\/embed\/sHLxTyaB5kc?feature=oembed\" frameborder=\"0\" allow=\"accelerometer; autoplay; clipboard-write; encrypted-media; gyroscope; picture-in-picture; web-share\" referrerpolicy=\"strict-origin-when-cross-origin\" allowfullscreen><\/iframe>\n<\/div><\/figure>\n\n\n\n<div style=\"height:50px\" aria-hidden=\"true\" class=\"wp-block-spacer\"><\/div>\n\n\n\n<h4 class=\"wp-block-heading\">Songtext<\/h4>\n\n\n\n<blockquote class=\"wp-block-quote is-layout-flow wp-block-quote-is-layout-flow\">\n<p>Ich habe dein altes Hemd in die Box unterm Fenster gelegt<br>Zu deinen Tapes, Kameras, DVDs und dem Diktierger\u00e4t.<br>Es f\u00fchlt sich wie gestern an.<br>Dabei ist das letzte Gespr\u00e4ch heute Jahre her.<br><br>Die Fotos von deinen Trips nach Berlin, M\u00fcnchen und Amsterdam<br>Werfen zum Teil Fragen auf, die du nicht mehr beantworten kannst<br>Erinnerungen an dich sind das, was von dir \u00fcbrig bleibt.<br>F\u00fcr dich war es Zeit.<br><br><strong>Und ich werd\u2018 das \u00fcberstehen<br>Dich in meinen Z\u00fcgen sehen<br>Ich kann tr\u00e4umen, wie du erz\u00e4hlst<br>Und darf weinen, wenn du mir fehlst.<br>Du fehlst <\/strong><\/p>\n\n\n\n<p>Ich habe letztens gemerkt, dass ich vergessen hab\u2018, wie du klingst.<br>Dann deine Alben geh\u00f6rt und bis drei imitiert, wie du singst.<br>Danach Clips geschaut, wo ich keinen Tag alt war<br>Und nach dir greif\u2018, als du meinen Namen sagst. <br>Heute trag\u2018 ich deine Jacke<br>Und bem\u00fch\u2018 mich deine Sprache zu lernen.<br><br><strong>Und ich werd\u2018 das \u00fcberstehen<\/strong><br><strong>(Ich werde das \u00fcberstehen)<br>Dich in meinen Z\u00fcgen sehen<\/strong><br><strong>(Ich werd\u2018 dich in meinen Z\u00fcgen sehen)<br>Ich kann tr\u00e4umen, wie du erz\u00e4hlst<\/strong><br><strong>(Wie du erz\u00e4hlst)<br>Und darf weinen, wenn du mir fehlst.<\/strong><\/p>\n<\/blockquote>\n","protected":false},"excerpt":{"rendered":"<p>Credits Text &amp; Vocals: FAYIMKeys: Niklas NadidaiMix &amp; Mastering: CamufingoArtwork: Ellen Gabriel Musikvideo Songtext Ich habe dein altes Hemd in die Box unterm Fenster gelegtZu deinen Tapes, Kameras, DVDs und dem Diktierger\u00e4t.Es f\u00fchlt sich wie gestern an.Dabei ist das letzte Gespr\u00e4ch heute Jahre her. Die Fotos von deinen Trips nach Berlin, M\u00fcnchen und AmsterdamWerfen zum [&hellip;]<\/p>\n","protected":false},"author":1,"featured_media":0,"parent":138,"menu_order":0,"comment_status":"closed","ping_status":"closed","template":"","meta":{"footnotes":""},"class_list":["post-181","page","type-page","status-publish","hentry"],"_links":{"self":[{"href":"https:\/\/fayim.de\/fyxtest4\/wp-json\/wp\/v2\/pages\/181","targetHints":{"allow":["GET"]}}],"collection":[{"href":"https:\/\/fayim.de\/fyxtest4\/wp-json\/wp\/v2\/pages"}],"about":[{"href":"https:\/\/fayim.de\/fyxtest4\/wp-json\/wp\/v2\/types\/page"}],"author":[{"embeddable":true,"href":"https:\/\/fayim.de\/fyxtest4\/wp-json\/wp\/v2\/users\/1"}],"replies":[{"embeddable":true,"href":"https:\/\/fayim.de\/fyxtest4\/wp-json\/wp\/v2\/comments?post=181"}],"version-history":[{"count":3,"href":"https:\/\/fayim.de\/fyxtest4\/wp-json\/wp\/v2\/pages\/181\/revisions"}],"predecessor-version":[{"id":184,"href":"https:\/\/fayim.de\/fyxtest4\/wp-json\/wp\/v2\/pages\/181\/revisions\/184"}],"up":[{"embeddable":true,"href":"https:\/\/fayim.de\/fyxtest4\/wp-json\/wp\/v2\/pages\/138"}],"wp:attachment":[{"href":"https:\/\/fayim.de\/fyxtest4\/wp-json\/wp\/v2\/media?parent=181"}],"curies":[{"name":"wp","href":"https:\/\/api.w.org\/{rel}","templated":true}]}}