{"id":186,"date":"2025-05-19T01:18:27","date_gmt":"2025-05-18T23:18:27","guid":{"rendered":"https:\/\/fayim.de\/fyxtest4\/?page_id=186"},"modified":"2025-05-19T01:18:27","modified_gmt":"2025-05-18T23:18:27","slug":"ich-halt-dich-fest-2022","status":"publish","type":"page","link":"https:\/\/fayim.de\/fyxtest4\/musik\/singles\/ich-halt-dich-fest-2022\/","title":{"rendered":"Ich halt dich fest (2022)"},"content":{"rendered":"\n<figure data-wp-context=\"{&quot;imageId&quot;:&quot;69de6579e2331&quot;}\" data-wp-interactive=\"core\/image\" data-wp-key=\"69de6579e2331\" class=\"wp-block-image size-large wp-lightbox-container\"><img loading=\"lazy\" decoding=\"async\" width=\"1024\" height=\"1024\" data-wp-class--hide=\"state.isContentHidden\" data-wp-class--show=\"state.isContentVisible\" data-wp-init=\"callbacks.setButtonStyles\" data-wp-on--click=\"actions.showLightbox\" data-wp-on--load=\"callbacks.setButtonStyles\" data-wp-on-window--resize=\"callbacks.setButtonStyles\" src=\"https:\/\/fayim.de\/fyxtest4\/wp-content\/uploads\/2025\/05\/Singles-2022-Ich-halt-dich-fest-Artwork-1024x1024.jpeg\" alt=\"\" class=\"wp-image-135\" srcset=\"https:\/\/fayim.de\/fyxtest4\/wp-content\/uploads\/2025\/05\/Singles-2022-Ich-halt-dich-fest-Artwork-1024x1024.jpeg 1024w, https:\/\/fayim.de\/fyxtest4\/wp-content\/uploads\/2025\/05\/Singles-2022-Ich-halt-dich-fest-Artwork-300x300.jpeg 300w, https:\/\/fayim.de\/fyxtest4\/wp-content\/uploads\/2025\/05\/Singles-2022-Ich-halt-dich-fest-Artwork-150x150.jpeg 150w, https:\/\/fayim.de\/fyxtest4\/wp-content\/uploads\/2025\/05\/Singles-2022-Ich-halt-dich-fest-Artwork-768x768.jpeg 768w, https:\/\/fayim.de\/fyxtest4\/wp-content\/uploads\/2025\/05\/Singles-2022-Ich-halt-dich-fest-Artwork-1536x1536.jpeg 1536w, https:\/\/fayim.de\/fyxtest4\/wp-content\/uploads\/2025\/05\/Singles-2022-Ich-halt-dich-fest-Artwork-2048x2048.jpeg 2048w\" sizes=\"auto, (max-width: 1024px) 100vw, 1024px\" \/><button\n\t\t\tclass=\"lightbox-trigger\"\n\t\t\ttype=\"button\"\n\t\t\taria-haspopup=\"dialog\"\n\t\t\taria-label=\"Vergr\u00f6\u00dfern\"\n\t\t\tdata-wp-init=\"callbacks.initTriggerButton\"\n\t\t\tdata-wp-on--click=\"actions.showLightbox\"\n\t\t\tdata-wp-style--right=\"state.imageButtonRight\"\n\t\t\tdata-wp-style--top=\"state.imageButtonTop\"\n\t\t>\n\t\t\t<svg xmlns=\"http:\/\/www.w3.org\/2000\/svg\" width=\"12\" height=\"12\" fill=\"none\" viewBox=\"0 0 12 12\">\n\t\t\t\t<path fill=\"#fff\" d=\"M2 0a2 2 0 0 0-2 2v2h1.5V2a.5.5 0 0 1 .5-.5h2V0H2Zm2 10.5H2a.5.5 0 0 1-.5-.5V8H0v2a2 2 0 0 0 2 2h2v-1.5ZM8 12v-1.5h2a.5.5 0 0 0 .5-.5V8H12v2a2 2 0 0 1-2 2H8Zm2-12a2 2 0 0 1 2 2v2h-1.5V2a.5.5 0 0 0-.5-.5H8V0h2Z\" \/>\n\t\t\t<\/svg>\n\t\t<\/button><figcaption class=\"wp-element-caption\">V\u00d6: 11.03.2022<\/figcaption><\/figure>\n\n\n\n<div style=\"height:50px\" aria-hidden=\"true\" class=\"wp-block-spacer\"><\/div>\n\n\n\n<h4 class=\"wp-block-heading\">Musikvideo<\/h4>\n\n\n\n<figure class=\"wp-block-embed is-type-video is-provider-youtube wp-block-embed-youtube wp-embed-aspect-16-9 wp-has-aspect-ratio\"><div class=\"wp-block-embed__wrapper\">\n<iframe loading=\"lazy\" title=\"Roger Rekless (mit Celina Bostic &amp; FAYIM) - Ich Halt Dich Fest (Official Video)\" width=\"500\" height=\"281\" src=\"https:\/\/www.youtube.com\/embed\/uQ6xl0W5vxI?feature=oembed\" frameborder=\"0\" allow=\"accelerometer; autoplay; clipboard-write; encrypted-media; gyroscope; picture-in-picture; web-share\" referrerpolicy=\"strict-origin-when-cross-origin\" allowfullscreen><\/iframe>\n<\/div><\/figure>\n\n\n\n<div style=\"height:50px\" aria-hidden=\"true\" class=\"wp-block-spacer\"><\/div>\n\n\n\n<h4 class=\"wp-block-heading\">Songtext<\/h4>\n\n\n\n<blockquote class=\"wp-block-quote is-layout-flow wp-block-quote-is-layout-flow\">\n<p>Die Wellen brechen vor meinen F\u00fc\u00dfen.<br>Immer noch Sand an den Fingerspitzen.<br>Und ich werd\u2018 es vermissen dich zu k\u00fcssen, selbst das Schweigen mit dir.<br>Warum k\u00f6nnen wir nicht noch ein paar Tage bleiben?<\/p>\n\n\n\n<p>Ich nehm einen letzten Zug von der Meeresluft<br>Und werfe den letzten Stein Richtung Wasser,<br>\u00dcberlass meinen Ballast dem Atlantik.<\/p>\n\n\n\n<p>Und das Mondlicht in deinem Gesicht<br>Untermalt die Ruhe in deinem Blick.<br>Du siehst mich.<\/p>\n\n\n\n<p><strong>Und die Nacht h\u00e4ngt tief \u00fcber uns,<br>F\u00e4rbt sich gegen f\u00fcnf morgenrot<br>In elf Stunden fliegen wir los<br>In unsern Alltag zur\u00fcck.<br>Ich will noch nicht zur\u00fcck.<\/strong><\/p>\n\n\n\n<p>Noch nicht zur\u00fcck (3x)<\/p>\n<\/blockquote>\n","protected":false},"excerpt":{"rendered":"<p>Musikvideo Songtext Die Wellen brechen vor meinen F\u00fc\u00dfen.Immer noch Sand an den Fingerspitzen.Und ich werd\u2018 es vermissen dich zu k\u00fcssen, selbst das Schweigen mit dir.Warum k\u00f6nnen wir nicht noch ein paar Tage bleiben? Ich nehm einen letzten Zug von der MeeresluftUnd werfe den letzten Stein Richtung Wasser,\u00dcberlass meinen Ballast dem Atlantik. Und das Mondlicht in [&hellip;]<\/p>\n","protected":false},"author":1,"featured_media":0,"parent":138,"menu_order":0,"comment_status":"closed","ping_status":"closed","template":"","meta":{"footnotes":""},"class_list":["post-186","page","type-page","status-publish","hentry"],"_links":{"self":[{"href":"https:\/\/fayim.de\/fyxtest4\/wp-json\/wp\/v2\/pages\/186","targetHints":{"allow":["GET"]}}],"collection":[{"href":"https:\/\/fayim.de\/fyxtest4\/wp-json\/wp\/v2\/pages"}],"about":[{"href":"https:\/\/fayim.de\/fyxtest4\/wp-json\/wp\/v2\/types\/page"}],"author":[{"embeddable":true,"href":"https:\/\/fayim.de\/fyxtest4\/wp-json\/wp\/v2\/users\/1"}],"replies":[{"embeddable":true,"href":"https:\/\/fayim.de\/fyxtest4\/wp-json\/wp\/v2\/comments?post=186"}],"version-history":[{"count":1,"href":"https:\/\/fayim.de\/fyxtest4\/wp-json\/wp\/v2\/pages\/186\/revisions"}],"predecessor-version":[{"id":187,"href":"https:\/\/fayim.de\/fyxtest4\/wp-json\/wp\/v2\/pages\/186\/revisions\/187"}],"up":[{"embeddable":true,"href":"https:\/\/fayim.de\/fyxtest4\/wp-json\/wp\/v2\/pages\/138"}],"wp:attachment":[{"href":"https:\/\/fayim.de\/fyxtest4\/wp-json\/wp\/v2\/media?parent=186"}],"curies":[{"name":"wp","href":"https:\/\/api.w.org\/{rel}","templated":true}]}}