{"id":189,"date":"2025-05-19T01:25:07","date_gmt":"2025-05-18T23:25:07","guid":{"rendered":"https:\/\/fayim.de\/fyxtest4\/?page_id=189"},"modified":"2025-05-19T01:32:05","modified_gmt":"2025-05-18T23:32:05","slug":"pixel-2025","status":"publish","type":"page","link":"https:\/\/fayim.de\/fyxtest4\/musik\/singles\/pixel-2025\/","title":{"rendered":"Pixel (2025)"},"content":{"rendered":"\n<figure data-wp-context=\"{&quot;imageId&quot;:&quot;69de9a18455ba&quot;}\" data-wp-interactive=\"core\/image\" data-wp-key=\"69de9a18455ba\" class=\"wp-block-image size-large wp-lightbox-container\"><img loading=\"lazy\" decoding=\"async\" width=\"1024\" height=\"1024\" data-wp-class--hide=\"state.isContentHidden\" data-wp-class--show=\"state.isContentVisible\" data-wp-init=\"callbacks.setButtonStyles\" data-wp-on--click=\"actions.showLightbox\" data-wp-on--load=\"callbacks.setButtonStyles\" data-wp-on-window--resize=\"callbacks.setButtonStyles\" src=\"https:\/\/fayim.de\/fyxtest4\/wp-content\/uploads\/2025\/05\/Singles-2025-FAYIM-PIXEL-1024x1024.jpg\" alt=\"\" class=\"wp-image-132\" srcset=\"https:\/\/fayim.de\/fyxtest4\/wp-content\/uploads\/2025\/05\/Singles-2025-FAYIM-PIXEL-1024x1024.jpg 1024w, https:\/\/fayim.de\/fyxtest4\/wp-content\/uploads\/2025\/05\/Singles-2025-FAYIM-PIXEL-300x300.jpg 300w, https:\/\/fayim.de\/fyxtest4\/wp-content\/uploads\/2025\/05\/Singles-2025-FAYIM-PIXEL-150x150.jpg 150w, https:\/\/fayim.de\/fyxtest4\/wp-content\/uploads\/2025\/05\/Singles-2025-FAYIM-PIXEL-768x768.jpg 768w, https:\/\/fayim.de\/fyxtest4\/wp-content\/uploads\/2025\/05\/Singles-2025-FAYIM-PIXEL-1536x1536.jpg 1536w\" sizes=\"auto, (max-width: 1024px) 100vw, 1024px\" \/><button\n\t\t\tclass=\"lightbox-trigger\"\n\t\t\ttype=\"button\"\n\t\t\taria-haspopup=\"dialog\"\n\t\t\taria-label=\"Vergr\u00f6\u00dfern\"\n\t\t\tdata-wp-init=\"callbacks.initTriggerButton\"\n\t\t\tdata-wp-on--click=\"actions.showLightbox\"\n\t\t\tdata-wp-style--right=\"state.imageButtonRight\"\n\t\t\tdata-wp-style--top=\"state.imageButtonTop\"\n\t\t>\n\t\t\t<svg xmlns=\"http:\/\/www.w3.org\/2000\/svg\" width=\"12\" height=\"12\" fill=\"none\" viewBox=\"0 0 12 12\">\n\t\t\t\t<path fill=\"#fff\" d=\"M2 0a2 2 0 0 0-2 2v2h1.5V2a.5.5 0 0 1 .5-.5h2V0H2Zm2 10.5H2a.5.5 0 0 1-.5-.5V8H0v2a2 2 0 0 0 2 2h2v-1.5ZM8 12v-1.5h2a.5.5 0 0 0 .5-.5V8H12v2a2 2 0 0 1-2 2H8Zm2-12a2 2 0 0 1 2 2v2h-1.5V2a.5.5 0 0 0-.5-.5H8V0h2Z\" \/>\n\t\t\t<\/svg>\n\t\t<\/button><figcaption class=\"wp-element-caption\">V\u00d6: 06.06.2025<\/figcaption><\/figure>\n\n\n\n<h4 class=\"wp-block-heading\">Credits<\/h4>\n\n\n\n<blockquote class=\"wp-block-quote is-layout-flow wp-block-quote-is-layout-flow\">\n<p><strong>Texte &amp; Lead Vocals:<\/strong>\u00a0FAYIM<br><strong>Keys:\u00a0<\/strong>Carina Madsius<br><strong>Bass:<\/strong>\u00a0Sofia Eftychidou<br><strong>Gitarre:<\/strong>\u00a0Lucy Liebe<br><strong>Klarinette:\u00a0<\/strong>Pachakuti<br><strong>Produktion:<\/strong>\u00a0S. Fidelity<br><strong>Background Vocals:<\/strong>\u00a0FAYIM, D.$ahin, douniah, HOLAN, Lyriya, mandhla, Noah Slee, Wanja Janeva<br><br><strong>Vocalaufnahmen:<\/strong>\u00a0Camufingo (audioberlin audiotainment GmbH), Dhanya Langer @ villa51<br><strong>Mix &amp; Mastering:<\/strong>\u00a0Camufingo<br><br><strong>Foto:<\/strong> Meklit Fekadu<br><strong>Artwork:<\/strong> Mawuto Dotou<\/p>\n<\/blockquote>\n\n\n\n<div style=\"height:50px\" aria-hidden=\"true\" class=\"wp-block-spacer\"><\/div>\n\n\n\n<h4 class=\"wp-block-heading\">Musikvideo<\/h4>\n\n\n\n<p>&#8211;<\/p>\n\n\n\n<div style=\"height:50px\" aria-hidden=\"true\" class=\"wp-block-spacer\"><\/div>\n\n\n\n<h4 class=\"wp-block-heading\">Songtext<\/h4>\n\n\n\n<blockquote class=\"wp-block-quote is-layout-flow wp-block-quote-is-layout-flow\">\n<p>Ich bin um zwei angekommen,<br>Sitz im M41 nach Hause.<br>Bist du gleich erreichbar?<\/p>\n\n\n\n<p>Die Zugfahrt war lang<br>Und ich hatte gestern Nacht keinen erholsamen Schlaf<br>Aber hab an dich gedacht.<\/p>\n\n\n\n<p>Ich bin seit halb vier unterwegs<br>Aber will dich heut noch sehen.<br>Was h\u00e4ltst du von Dinner bei mir?<br>Komm nach den Proben vorbei<br>Du hast es nicht weit bis zu mir &#8211; nein.<\/p>\n\n\n\n<p><strong>Zw\u00f6lf Tage her, dass du hier warst.<\/strong><br><strong>Ich kann zu dir, falls du\u2019s nicht packst.<\/strong><br><strong>Pixel von dir reichen mir nicht mehr<\/strong><br><strong>Ich will dich sehen, ich will dich sehen<\/strong><\/p>\n\n\n\n<p>Wie war dein Tag bisher?<br>Warst du schon drau\u00dfen? Gestern laufen?<br>F\u00fchlst du dich bei dir?<br>Hast du durchgeschlafen?<br>Wann kannst du Pause machen?<br>Du wei\u00dft, dein K\u00f6rper braucht das<\/p>\n\n\n\n<p><strong>Hier hast du Ruhe, mich und Abstand,<\/strong><br><strong>Kannst dich erholen, und kommst runter.<\/strong><br><strong>Pixel von mir reichen dir sicherlich nicht mehr<\/strong><br><strong>Ich will dich sehen, du willst mich sehen<\/strong><\/p>\n\n\n\n<p><\/p>\n<\/blockquote>\n","protected":false},"excerpt":{"rendered":"<p>Credits Texte &amp; Lead Vocals:\u00a0FAYIMKeys:\u00a0Carina MadsiusBass:\u00a0Sofia EftychidouGitarre:\u00a0Lucy LiebeKlarinette:\u00a0PachakutiProduktion:\u00a0S. FidelityBackground Vocals:\u00a0FAYIM, D.$ahin, douniah, HOLAN, Lyriya, mandhla, Noah Slee, Wanja Janeva Vocalaufnahmen:\u00a0Camufingo (audioberlin audiotainment GmbH), Dhanya Langer @ villa51Mix &amp; Mastering:\u00a0Camufingo Foto: Meklit FekaduArtwork: Mawuto Dotou Musikvideo &#8211; Songtext Ich bin um zwei angekommen,Sitz im M41 nach Hause.Bist du gleich erreichbar? Die Zugfahrt war langUnd ich hatte [&hellip;]<\/p>\n","protected":false},"author":1,"featured_media":0,"parent":138,"menu_order":0,"comment_status":"closed","ping_status":"closed","template":"","meta":{"footnotes":""},"class_list":["post-189","page","type-page","status-publish","hentry"],"_links":{"self":[{"href":"https:\/\/fayim.de\/fyxtest4\/wp-json\/wp\/v2\/pages\/189","targetHints":{"allow":["GET"]}}],"collection":[{"href":"https:\/\/fayim.de\/fyxtest4\/wp-json\/wp\/v2\/pages"}],"about":[{"href":"https:\/\/fayim.de\/fyxtest4\/wp-json\/wp\/v2\/types\/page"}],"author":[{"embeddable":true,"href":"https:\/\/fayim.de\/fyxtest4\/wp-json\/wp\/v2\/users\/1"}],"replies":[{"embeddable":true,"href":"https:\/\/fayim.de\/fyxtest4\/wp-json\/wp\/v2\/comments?post=189"}],"version-history":[{"count":6,"href":"https:\/\/fayim.de\/fyxtest4\/wp-json\/wp\/v2\/pages\/189\/revisions"}],"predecessor-version":[{"id":200,"href":"https:\/\/fayim.de\/fyxtest4\/wp-json\/wp\/v2\/pages\/189\/revisions\/200"}],"up":[{"embeddable":true,"href":"https:\/\/fayim.de\/fyxtest4\/wp-json\/wp\/v2\/pages\/138"}],"wp:attachment":[{"href":"https:\/\/fayim.de\/fyxtest4\/wp-json\/wp\/v2\/media?parent=189"}],"curies":[{"name":"wp","href":"https:\/\/api.w.org\/{rel}","templated":true}]}}